{"id":500,"date":"2023-02-20T10:31:40","date_gmt":"2023-02-20T10:31:40","guid":{"rendered":"http:\/\/juwenaliaslaskie.pl\/?page_id=500"},"modified":"2026-02-17T14:34:46","modified_gmt":"2026-02-17T14:34:46","slug":"faq","status":"publish","type":"page","link":"https:\/\/juwenaliaslaskie.pl\/en\/faq\/","title":{"rendered":"FAQ"},"content":{"rendered":"<section class=\"l-section wpb_row us_custom_b21500de height_auto\"><div class=\"l-section-overlay\" style=\"background:rgba(238,125,139,0.85)\"><\/div><div class=\"l-section-h i-cf\"><div class=\"g-cols vc_row via_grid cols_1 laptops-cols_inherit tablets-cols_inherit mobiles-cols_1 valign_top type_default stacking_default\"><div class=\"wpb_column vc_column_container\"><div class=\"vc_column-inner\"><div class=\"wpb_text_column us_custom_d614ff73 has_text_color\"><div class=\"wpb_wrapper\"><h1 style=\"text-align: center;\">FAQ<\/h1>\n<\/div><\/div><div class=\"w-separator size_medium\"><\/div><div class=\"w-tabs us_custom_6c0d8bf4 has_text_color style_default switch_click accordion has_scrolling\" style=\"--sections-title-size:inherit\"><div class=\"w-tabs-sections titles-align_none icon_none\"><div class=\"w-tabs-section\" id=\"h518\" itemscope itemprop=\"mainEntity\" itemtype=\"https:\/\/schema.org\/Question\"><button class=\"w-tabs-section-header with_icon\" aria-controls=\"content-h518\" aria-expanded=\"false\"><div class=\"w-tabs-section-title\" itemprop=\"name\">When will Juwenalia \u015al\u0105skie 2026 take place?<\/div><i class=\"fas fa-question\"><\/i><div class=\"w-tabs-section-control\"><\/div><\/button><div  class=\"w-tabs-section-content us_custom_ea76afbe\" id=\"content-h518\" itemscope itemprop=\"acceptedAnswer\" itemtype=\"https:\/\/schema.org\/Answer\"><div class=\"w-tabs-section-content-h i-cf\" itemprop=\"text\"><div class=\"wpb_text_column\"><div class=\"wpb_wrapper\"><p>Juwenalia \u015al\u0105skie 2026 will be held from 19th to 23th May. The first day (Tuesday) kicks off with the Grand Colourful Student Parade, followed by a surprise event on Wednesday. From Thursday onwards, we move to Katowice Forest Park for three days of amazing concerts!<\/p>\n<\/div><\/div><\/div><\/div><\/div><div class=\"w-tabs-section\" id=\"s62b\" itemscope itemprop=\"mainEntity\" itemtype=\"https:\/\/schema.org\/Question\"><button class=\"w-tabs-section-header with_icon\" aria-controls=\"content-s62b\" aria-expanded=\"false\"><div class=\"w-tabs-section-title\" itemprop=\"name\">Who can attend Juwenalia \u015al\u0105skie?<\/div><i class=\"fas fa-question\"><\/i><div class=\"w-tabs-section-control\"><\/div><\/button><div  class=\"w-tabs-section-content us_custom_ea76afbe\" id=\"content-s62b\" itemscope itemprop=\"acceptedAnswer\" itemtype=\"https:\/\/schema.org\/Answer\"><div class=\"w-tabs-section-content-h i-cf\" itemprop=\"text\"><div class=\"wpb_text_column\"><div class=\"wpb_wrapper\"><div>Everyone! People under the age of 16 can enter the event area only with a legal guardian. Children under 4 years old have free entry. Children over 4 years old require a regular ticket.<\/div>\n<\/div><\/div><\/div><\/div><\/div><div class=\"w-tabs-section\" id=\"z713\" itemscope itemprop=\"mainEntity\" itemtype=\"https:\/\/schema.org\/Question\"><button class=\"w-tabs-section-header with_icon\" aria-controls=\"content-z713\" aria-expanded=\"false\"><div class=\"w-tabs-section-title\" itemprop=\"name\">Are all events ticketed?<\/div><i class=\"fas fa-question\"><\/i><div class=\"w-tabs-section-control\"><\/div><\/button><div  class=\"w-tabs-section-content us_custom_ea76afbe\" id=\"content-z713\" itemscope itemprop=\"acceptedAnswer\" itemtype=\"https:\/\/schema.org\/Answer\"><div class=\"w-tabs-section-content-h i-cf\" itemprop=\"text\"><div class=\"wpb_text_column\"><div class=\"wpb_wrapper\"><div>The Student Parade is a free and open event. However, tickets are required for entry to the concert area in Katowice Forest Park.<\/div>\n<\/div><\/div><\/div><\/div><\/div><div class=\"w-tabs-section\" id=\"j80a\" itemscope itemprop=\"mainEntity\" itemtype=\"https:\/\/schema.org\/Question\"><button class=\"w-tabs-section-header with_icon\" aria-controls=\"content-j80a\" aria-expanded=\"false\"><div class=\"w-tabs-section-title\" itemprop=\"name\">Where can I buy tickets?<\/div><i class=\"fas fa-question\"><\/i><div class=\"w-tabs-section-control\"><\/div><\/button><div  class=\"w-tabs-section-content us_custom_ea76afbe\" id=\"content-j80a\" itemscope itemprop=\"acceptedAnswer\" itemtype=\"https:\/\/schema.org\/Answer\"><div class=\"w-tabs-section-content-h i-cf\" itemprop=\"text\"><div class=\"wpb_text_column\"><div class=\"wpb_wrapper\"><p>Tickets are available on this website. <a href=\"https:\/\/biletomat.pl\/embedded\/rezerwacja\/336999?salesChannelId=019c6652-cc23-79dd-9282-4d667ebc3679\" rel=\"noopener\">[BUY TICKET]<\/a> Tickets also available on <a href=\"https:\/\/biletomat.pl\/wydarzenia\/juwenalia-slaskie-29904?eventId=336999\" rel=\"noopener\">biletomat.pl<\/a><\/p>\n<\/div><\/div><\/div><\/div><\/div><div class=\"w-tabs-section\" id=\"p8f8\" itemscope itemprop=\"mainEntity\" itemtype=\"https:\/\/schema.org\/Question\"><button class=\"w-tabs-section-header with_icon\" aria-controls=\"content-p8f8\" aria-expanded=\"false\"><div class=\"w-tabs-section-title\" itemprop=\"name\">What types of passes and tickets are available?<\/div><i class=\"fas fa-question\"><\/i><div class=\"w-tabs-section-control\"><\/div><\/button><div  class=\"w-tabs-section-content us_custom_ea76afbe\" id=\"content-p8f8\" itemscope itemprop=\"acceptedAnswer\" itemtype=\"https:\/\/schema.org\/Answer\"><div class=\"w-tabs-section-content-h i-cf\" itemprop=\"text\"><div class=\"wpb_text_column\"><div class=\"wpb_wrapper\"><p>The available tickets for Juwenalia \u015al\u0105skie are:<\/p>\n<ul>\n<li>Student Pass \u2013 Available for students and PhD candidates from all universities. A valid student ID must be presented on the day of the event.<\/li>\n<li>Regular Pass \u2013 Available for everyone else.<\/li>\n<li>One-Day Tickets (Student &amp; Regular) \u2013 One-day ticket sales will be launched at a later date.<\/li>\n<\/ul>\n<\/div><\/div><\/div><\/div><\/div><div class=\"w-tabs-section\" id=\"ka13\" itemscope itemprop=\"mainEntity\" itemtype=\"https:\/\/schema.org\/Question\"><button class=\"w-tabs-section-header with_icon\" aria-controls=\"content-ka13\" aria-expanded=\"false\"><div class=\"w-tabs-section-title\" itemprop=\"name\">How can I enter the event area?<\/div><i class=\"fas fa-question\"><\/i><div class=\"w-tabs-section-control\"><\/div><\/button><div  class=\"w-tabs-section-content us_custom_ea76afbe\" id=\"content-ka13\" itemscope itemprop=\"acceptedAnswer\" itemtype=\"https:\/\/schema.org\/Answer\"><div class=\"w-tabs-section-content-h i-cf\" itemprop=\"text\"><div class=\"wpb_text_column\"><div class=\"wpb_wrapper\"><p>Each concert day, wristband exchange points will be set up at the entrance to the event area.<\/p>\n<p>\u00a0<\/p>\n<p>IMPORTANT! You do not need a printed ticket to exchange your pass for a wristband. You can show it on your phone. However, keep in mind that mobile signal may be weak at the venue, so make sure to download your ticket in advance.<\/p>\n<p>\u00a0<\/p>\n<p>We also encourage you to arrive a bit earlier and exchange your pass for a wristband. Exchange points will be open from 3:00 PM, so you can avoid long queues!<\/p>\n<p>\u00a0<\/p>\n<p>Once you receive your wristband and show it on your wrist at the entrance, you're all set to enjoy the event!<\/p>\n<\/div><\/div><\/div><\/div><\/div><div class=\"w-tabs-section\" id=\"lb00\" itemscope itemprop=\"mainEntity\" itemtype=\"https:\/\/schema.org\/Question\"><button class=\"w-tabs-section-header with_icon\" aria-controls=\"content-lb00\" aria-expanded=\"false\"><div class=\"w-tabs-section-title\" itemprop=\"name\">Where can I find lost items at the event?<\/div><i class=\"fas fa-question\"><\/i><div class=\"w-tabs-section-control\"><\/div><\/button><div  class=\"w-tabs-section-content us_custom_ea76afbe\" id=\"content-lb00\" itemscope itemprop=\"acceptedAnswer\" itemtype=\"https:\/\/schema.org\/Answer\"><div class=\"w-tabs-section-content-h i-cf\" itemprop=\"text\"><div class=\"wpb_text_column\"><div class=\"wpb_wrapper\"><p>The Lost and Found Office will be located in a specially marked tent within the event area.\n\nAfter the event, any recovered items can be collected from the University of Silesia Campus.<\/p>\n<\/div><\/div><\/div><\/div><\/div><div class=\"w-tabs-section\" id=\"bbdb\" itemscope itemprop=\"mainEntity\" itemtype=\"https:\/\/schema.org\/Question\"><button class=\"w-tabs-section-header with_icon\" aria-controls=\"content-bbdb\" aria-expanded=\"false\"><div class=\"w-tabs-section-title\" itemprop=\"name\">How can one obtain accreditation for the Juwenalia \u015al\u0105skie Festival?<\/div><i class=\"fas fa-question\"><\/i><div class=\"w-tabs-section-control\"><\/div><\/button><div  class=\"w-tabs-section-content us_custom_ea76afbe\" id=\"content-bbdb\" itemscope itemprop=\"acceptedAnswer\" itemtype=\"https:\/\/schema.org\/Answer\"><div class=\"w-tabs-section-content-h i-cf\" itemprop=\"text\"><div class=\"wpb_text_column\"><div class=\"wpb_wrapper\"><p>Accreditation is available for professional journalists actively working in the field. Applications will be open from 1st May 2026.\n\nA link to the application form and a contact email will be shared on the event\u2019s social media channels and website.<\/p>\n<\/div><\/div><\/div><\/div><\/div><div class=\"w-tabs-section\" id=\"zcab\" itemscope itemprop=\"mainEntity\" itemtype=\"https:\/\/schema.org\/Question\"><button class=\"w-tabs-section-header with_icon\" aria-controls=\"content-zcab\" aria-expanded=\"false\"><div class=\"w-tabs-section-title\" itemprop=\"name\">I have a band or want to perform at Juwenalia \u015al\u0105skie 2026. How can I apply?<\/div><i class=\"fas fa-question\"><\/i><div class=\"w-tabs-section-control\"><\/div><\/button><div  class=\"w-tabs-section-content us_custom_ea76afbe\" id=\"content-zcab\" itemscope itemprop=\"acceptedAnswer\" itemtype=\"https:\/\/schema.org\/Answer\"><div class=\"w-tabs-section-content-h i-cf\" itemprop=\"text\"><div class=\"wpb_text_column\"><div class=\"wpb_wrapper\"><p>Get in touch with us via the Juwenalia \u015al\u0105skie Facebook page, and we\u2019ll guide you through the process!<\/p>\n<\/div><\/div><\/div><\/div><\/div><div class=\"w-tabs-section\" id=\"ld71\" itemscope itemprop=\"mainEntity\" itemtype=\"https:\/\/schema.org\/Question\"><button class=\"w-tabs-section-header with_icon\" aria-controls=\"content-ld71\" aria-expanded=\"false\"><div class=\"w-tabs-section-title\" itemprop=\"name\">Will there be facilities for people with disabilities at the event?<\/div><i class=\"fas fa-question\"><\/i><div class=\"w-tabs-section-control\"><\/div><\/button><div  class=\"w-tabs-section-content us_custom_ea76afbe\" id=\"content-ld71\" itemscope itemprop=\"acceptedAnswer\" itemtype=\"https:\/\/schema.org\/Answer\"><div class=\"w-tabs-section-content-h i-cf\" itemprop=\"text\"><div class=\"wpb_text_column\"><div class=\"wpb_wrapper\"><p>People with disabilities require either a regular or student ticket. Their caretaker can enter for free.<\/p>\n<\/div><\/div><\/div><\/div><\/div><div class=\"w-tabs-section\" id=\"me60\" itemscope itemprop=\"mainEntity\" itemtype=\"https:\/\/schema.org\/Question\"><button class=\"w-tabs-section-header with_icon\" aria-controls=\"content-me60\" aria-expanded=\"false\"><div class=\"w-tabs-section-title\" itemprop=\"name\">What am I not allowed to bring to the event?<\/div><i class=\"fas fa-question\"><\/i><div class=\"w-tabs-section-control\"><\/div><\/button><div  class=\"w-tabs-section-content us_custom_ea76afbe\" id=\"content-me60\" itemscope itemprop=\"acceptedAnswer\" itemtype=\"https:\/\/schema.org\/Answer\"><div class=\"w-tabs-section-content-h i-cf\" itemprop=\"text\"><div class=\"wpb_text_column\"><div class=\"wpb_wrapper\"><p class=\"translation-block\">1) Weapons or other dangerous objects,<br>\n2) Explosives,<br>\n3) Pyrotechnic products,<br>\n4) Flammable materials,<br>\n5) Alcoholic and non-alcoholic beverages, unless purchased within the designated catering zones at the event and allowed by law,<br>\n6) Food, unless purchased within the designated catering zones at the event and allowed by law,<br>\n7) Umbrellas with pointed tips,<br>\n8) Drones,<br>\n9) Laser pointers,<br>\n10) Narcotic drugs or psychoactive substances,<br>\n11) Professional cameras and video recording equipment. Only mobile phone cameras are allowed, with no restrictions on megapixels.<br><\/p>\n<\/div><\/div><\/div><\/div><\/div><div class=\"w-tabs-section\" id=\"pf3a\" itemscope itemprop=\"mainEntity\" itemtype=\"https:\/\/schema.org\/Question\"><button class=\"w-tabs-section-header with_icon\" aria-controls=\"content-pf3a\" aria-expanded=\"false\"><div class=\"w-tabs-section-title\" itemprop=\"name\">Can I bring medication to the event if I have a medical condition (e.g., diabetes)?<\/div><i class=\"fas fa-question\"><\/i><div class=\"w-tabs-section-control\"><\/div><\/button><div  class=\"w-tabs-section-content us_custom_ea76afbe\" id=\"content-pf3a\" itemscope itemprop=\"acceptedAnswer\" itemtype=\"https:\/\/schema.org\/Answer\"><div class=\"w-tabs-section-content-h i-cf\" itemprop=\"text\"><div class=\"wpb_text_column\"><div class=\"wpb_wrapper\"><p>Participants are allowed to bring any necessary medications and medical equipment required for their treatment. However, a medical certificate confirming the necessity of taking these medications must be presented.<\/p>\n<\/div><\/div><\/div><\/div><\/div><div class=\"w-tabs-section\" id=\"a02a\" itemscope itemprop=\"mainEntity\" itemtype=\"https:\/\/schema.org\/Question\"><button class=\"w-tabs-section-header with_icon\" aria-controls=\"content-a02a\" aria-expanded=\"false\"><div class=\"w-tabs-section-title\" itemprop=\"name\">Can I collaborate with the organizers of Juwenalia \u015al\u0105skie 2026?<\/div><i class=\"fas fa-question\"><\/i><div class=\"w-tabs-section-control\"><\/div><\/button><div  class=\"w-tabs-section-content us_custom_ea76afbe\" id=\"content-a02a\" itemscope itemprop=\"acceptedAnswer\" itemtype=\"https:\/\/schema.org\/Answer\"><div class=\"w-tabs-section-content-h i-cf\" itemprop=\"text\"><div class=\"wpb_text_column\"><div class=\"wpb_wrapper\"><p>We are open to various forms of collaboration, including gastronomy, partnerships, sponsorships, and event organization. Feel free to contact us via the Juwenalia \u015al\u0105skie Facebook page, and we will be happy to discuss the details.<\/p>\n<\/div><\/div><\/div><\/div><\/div><\/div><\/div><\/div><\/div><\/div><\/div><\/section>","protected":false},"excerpt":{"rendered":"FAQ Jaki jest termin Juwenali\u00f3w \u015al\u0105skich 2026?Juwenalia \u015al\u0105skie w 2026 roku odbywaj\u0105 si\u0119 w dniach 19-23 maja. Pierwszy dzie\u0144 (wtorek) to Wielki Barwny Korow\u00f3d Student\u00f3w, drugi dzie\u0144 (\u015broda) to impreza w Klubie Pomara\u0144cza a od czwartku przenosimy si\u0119 do Katowickiego Parku Le\u015bnego na trzy dni fantastycznych koncert\u00f3w. Kto mo\u017ce by\u0107 uczestnikiem Juwenali\u00f3w \u015al\u0105skich?Ka\u017cdy! Osoby poni\u017cej...","protected":false},"author":1,"featured_media":0,"parent":0,"menu_order":0,"comment_status":"closed","ping_status":"open","template":"","meta":{"footnotes":""},"acf":[],"_links":{"self":[{"href":"https:\/\/juwenaliaslaskie.pl\/en\/wp-json\/wp\/v2\/pages\/500"}],"collection":[{"href":"https:\/\/juwenaliaslaskie.pl\/en\/wp-json\/wp\/v2\/pages"}],"about":[{"href":"https:\/\/juwenaliaslaskie.pl\/en\/wp-json\/wp\/v2\/types\/page"}],"author":[{"embeddable":true,"href":"https:\/\/juwenaliaslaskie.pl\/en\/wp-json\/wp\/v2\/users\/1"}],"replies":[{"embeddable":true,"href":"https:\/\/juwenaliaslaskie.pl\/en\/wp-json\/wp\/v2\/comments?post=500"}],"version-history":[{"count":23,"href":"https:\/\/juwenaliaslaskie.pl\/en\/wp-json\/wp\/v2\/pages\/500\/revisions"}],"predecessor-version":[{"id":1108,"href":"https:\/\/juwenaliaslaskie.pl\/en\/wp-json\/wp\/v2\/pages\/500\/revisions\/1108"}],"wp:attachment":[{"href":"https:\/\/juwenaliaslaskie.pl\/en\/wp-json\/wp\/v2\/media?parent=500"}],"curies":[{"name":"wp","href":"https:\/\/api.w.org\/{rel}","templated":true}]}}